{"id":8,"date":"2025-05-27T14:52:36","date_gmt":"2025-05-27T12:52:36","guid":{"rendered":"https:\/\/paul-fischer-galabau.de\/page2025\/?page_id=8"},"modified":"2025-06-04T13:56:09","modified_gmt":"2025-06-04T11:56:09","slug":"willkommen","status":"publish","type":"page","link":"https:\/\/paul-fischer-galabau.de\/page2025\/","title":{"rendered":"Wilkommen"},"content":{"rendered":"\n<p class=\"has-text-align-center has-x-large-font-size\"><strong>Paul Fischer Galabau<\/strong><\/p>\n\n\n\n<div style=\"height:100px\" aria-hidden=\"true\" class=\"wp-block-spacer\"><\/div>\n\n\n\n<p class=\"has-text-align-center\">Seit \u00fcber 60 Jahren besteht unsere Leidenschaft f\u00fcr den Gartenbau und wird von Generation zu Generation weitergegeben. Wir planen und gestalten G\u00e4rten nach Ihren ganz pers\u00f6nlichen und spieziellen W\u00fcnschen und Vorstellungen, so dass Sie schon nach relativ kurzer Zeit Ihr ganz pers\u00f6nliches Garten-Paradies erleben k\u00f6nnen.<\/p>\n\n\n\n<p class=\"has-text-align-center has-background\" style=\"background-color:#005e04;font-size:22px\">Verschaffen Sie sich auf unseren Seiten Ihren eigenen Eindruck \u00fcber unsere Kreativit\u00e4t und deren Vielf\u00e4ltigkeit <\/p>\n\n\n\n<p class=\"has-text-align-center has-text-color has-background has-link-color wp-elements-bd8326c5f281735262298bd1f1052a17\" id=\"u5750-2\" style=\"color:#74992f;background-color:#005e04;font-size:33px\"><strong><a href=\"https:\/\/paul-fischer-galabau.de\/page2025\/arbeiten\/\" data-type=\"page\" data-id=\"18\">Unsere Leistungen<\/a><\/strong><\/p>\n\n\n\n<p class=\"has-text-align-center has-background has-medium-font-size\" id=\"u5750-3\" style=\"background-color:#005e04\"><strong>Eine perfekte und bis ins kleinste Detail komplex und individuell geplante Gartengestaltung.<\/strong><\/p>\n\n\n\n<p id=\"u5750-6\">&nbsp;<\/p>\n\n\n\n<h1 class=\"wp-block-heading has-text-align-center has-text-color has-link-color wp-elements-ebe78d4ef7c3dc2bc67b055334c0f375\" style=\"color:#74992f\">Unsere umfangreichen Fachgebiete : <\/h1>\n\n\n\n<p class=\"has-text-align-center has-background has-medium-font-size\" id=\"u5750-8\" style=\"background-color:#005e04\">Steinarbeiten:&nbsp;&nbsp; Gabionen, Pflasterarbeiten, Wegebau, Terrassen, Trockenmauern, Treppenanlagen Raseneinsaat und Rollrasen, Teichbau, Zaunbau<\/p>\n\n\n\n<p id=\"u5750-12\">&nbsp;<\/p>\n\n\n\n<p class=\"has-text-align-center\" id=\"u5750-14\" style=\"font-size:22px\">Weiterhin bieten wir die Pflege Ihres Gartens <\/p>\n\n\n\n<p class=\"has-text-align-center\" id=\"u5750-14\" style=\"font-size:22px\">mit Pflanzarbeiten und Baumf\u00e4llung an.<\/p>\n\n\n\n<div style=\"height:10px\" aria-hidden=\"true\" class=\"wp-block-spacer\"><\/div>\n\n\n\n<p class=\"has-text-align-center\" id=\"u5750-18\" style=\"font-size:22px\">Haben Sie keine Zeit zum Rasenm\u00e4hen und Unkraut j\u00e4ten oder wird Ihnen das alles zu viel? Sprechen Sie uns an und wir bieten Ihnen eine dauerhafte Pflege Ihres Gartens an. Sie bestimmen dabei den Umfang, wie viel wir machen sollen und was Sie selber noch machen wollen.<\/p>\n\n\n\n<div style=\"height:10px\" aria-hidden=\"true\" class=\"wp-block-spacer\"><\/div>\n\n\n\n<p class=\"has-text-align-center\" id=\"u5750-21\" style=\"font-size:22px\">Falls Sie ein weiteres Anliegen in und um Ihren Garten haben, rufen Sie uns einfach an und schildern Sie uns Ihr Vorhaben, wir finden die f\u00fcr Sie perfekte L\u00f6sung, denn nichts ist wirklich unm\u00f6glich.<\/p>\n\n\n\n<div style=\"height:81px\" aria-hidden=\"true\" class=\"wp-block-spacer\"><\/div>\n\n\n\n<figure class=\"wp-block-image size-large is-style-default\"><a href=\"https:\/\/paul-fischer-galabau.de\/page2025\/arbeiten\/\"><img loading=\"lazy\" decoding=\"async\" width=\"1024\" height=\"85\" src=\"https:\/\/paul-fischer-galabau.de\/page2025\/wp-content\/uploads\/2025\/06\/title-link-1024x85.jpg\" alt=\"\" class=\"wp-image-277\" srcset=\"https:\/\/paul-fischer-galabau.de\/page2025\/wp-content\/uploads\/2025\/06\/title-link-1024x85.jpg 1024w, https:\/\/paul-fischer-galabau.de\/page2025\/wp-content\/uploads\/2025\/06\/title-link-300x25.jpg 300w, https:\/\/paul-fischer-galabau.de\/page2025\/wp-content\/uploads\/2025\/06\/title-link-768x64.jpg 768w, https:\/\/paul-fischer-galabau.de\/page2025\/wp-content\/uploads\/2025\/06\/title-link.jpg 1200w\" sizes=\"auto, (max-width: 1024px) 100vw, 1024px\" \/><\/a><\/figure>\n\n\n\n<div class=\"wp-block-buttons is-content-justification-center is-layout-flex wp-container-core-buttons-is-layout-16018d1d wp-block-buttons-is-layout-flex\"><\/div>\n\n\n\n<div style=\"height:28px\" aria-hidden=\"true\" class=\"wp-block-spacer\"><\/div>\n\n\n\n<figure class=\"wp-block-gallery has-nested-images columns-default is-cropped wp-block-gallery-1 is-layout-flex wp-block-gallery-is-layout-flex\">\n<figure class=\"wp-block-image size-full is-style-default\"><img loading=\"lazy\" decoding=\"async\" width=\"768\" height=\"1024\" data-id=\"40\" src=\"https:\/\/paul-fischer-galabau.de\/page2025\/wp-content\/uploads\/2025\/05\/Bluemchen3.jpg\" alt=\"\" class=\"wp-image-40\" srcset=\"https:\/\/paul-fischer-galabau.de\/page2025\/wp-content\/uploads\/2025\/05\/Bluemchen3.jpg 768w, https:\/\/paul-fischer-galabau.de\/page2025\/wp-content\/uploads\/2025\/05\/Bluemchen3-225x300.jpg 225w\" sizes=\"auto, (max-width: 768px) 100vw, 768px\" \/><\/figure>\n\n\n\n<figure class=\"wp-block-image size-full\"><img loading=\"lazy\" decoding=\"async\" width=\"1024\" height=\"768\" data-id=\"51\" src=\"https:\/\/paul-fischer-galabau.de\/page2025\/wp-content\/uploads\/2025\/05\/naturstein6.jpg\" alt=\"\" class=\"wp-image-51\" srcset=\"https:\/\/paul-fischer-galabau.de\/page2025\/wp-content\/uploads\/2025\/05\/naturstein6.jpg 1024w, https:\/\/paul-fischer-galabau.de\/page2025\/wp-content\/uploads\/2025\/05\/naturstein6-300x225.jpg 300w, https:\/\/paul-fischer-galabau.de\/page2025\/wp-content\/uploads\/2025\/05\/naturstein6-768x576.jpg 768w\" sizes=\"auto, (max-width: 1024px) 100vw, 1024px\" \/><\/figure>\n\n\n\n<figure class=\"wp-block-image size-full\"><img loading=\"lazy\" decoding=\"async\" width=\"768\" height=\"1024\" data-id=\"41\" src=\"https:\/\/paul-fischer-galabau.de\/page2025\/wp-content\/uploads\/2025\/05\/Bluemchen4.jpg\" alt=\"\" class=\"wp-image-41\" srcset=\"https:\/\/paul-fischer-galabau.de\/page2025\/wp-content\/uploads\/2025\/05\/Bluemchen4.jpg 768w, https:\/\/paul-fischer-galabau.de\/page2025\/wp-content\/uploads\/2025\/05\/Bluemchen4-225x300.jpg 225w\" sizes=\"auto, (max-width: 768px) 100vw, 768px\" \/><\/figure>\n\n\n\n<figure class=\"wp-block-image size-full\"><img loading=\"lazy\" decoding=\"async\" width=\"768\" height=\"1024\" data-id=\"45\" src=\"https:\/\/paul-fischer-galabau.de\/page2025\/wp-content\/uploads\/2025\/05\/naturstein3.jpg\" alt=\"\" class=\"wp-image-45\" srcset=\"https:\/\/paul-fischer-galabau.de\/page2025\/wp-content\/uploads\/2025\/05\/naturstein3.jpg 768w, https:\/\/paul-fischer-galabau.de\/page2025\/wp-content\/uploads\/2025\/05\/naturstein3-225x300.jpg 225w\" sizes=\"auto, (max-width: 768px) 100vw, 768px\" \/><\/figure>\n\n\n\n<figure class=\"wp-block-image size-full\"><img loading=\"lazy\" decoding=\"async\" width=\"768\" height=\"1024\" data-id=\"38\" src=\"https:\/\/paul-fischer-galabau.de\/page2025\/wp-content\/uploads\/2025\/05\/Bluemchen1.jpg\" alt=\"\" class=\"wp-image-38\" srcset=\"https:\/\/paul-fischer-galabau.de\/page2025\/wp-content\/uploads\/2025\/05\/Bluemchen1.jpg 768w, https:\/\/paul-fischer-galabau.de\/page2025\/wp-content\/uploads\/2025\/05\/Bluemchen1-225x300.jpg 225w\" sizes=\"auto, (max-width: 768px) 100vw, 768px\" \/><\/figure>\n\n\n\n<figure class=\"wp-block-image size-full\"><img loading=\"lazy\" decoding=\"async\" width=\"1024\" height=\"768\" data-id=\"99\" src=\"https:\/\/paul-fischer-galabau.de\/page2025\/wp-content\/uploads\/2025\/05\/0-terasse1.jpg\" alt=\"\" class=\"wp-image-99\" srcset=\"https:\/\/paul-fischer-galabau.de\/page2025\/wp-content\/uploads\/2025\/05\/0-terasse1.jpg 1024w, https:\/\/paul-fischer-galabau.de\/page2025\/wp-content\/uploads\/2025\/05\/0-terasse1-300x225.jpg 300w, https:\/\/paul-fischer-galabau.de\/page2025\/wp-content\/uploads\/2025\/05\/0-terasse1-768x576.jpg 768w\" sizes=\"auto, (max-width: 1024px) 100vw, 1024px\" \/><\/figure>\n<\/figure>\n","protected":false},"excerpt":{"rendered":"<p>Paul Fischer Galabau Seit \u00fcber 60 Jahren besteht unsere Leidenschaft f\u00fcr den Gartenbau und wird von Generation zu Generation weitergegeben. Wir planen und gestalten G\u00e4rten nach Ihren ganz pers\u00f6nlichen und spieziellen W\u00fcnschen und Vorstellungen, so dass Sie schon nach relativ kurzer Zeit&hellip;<\/p>\n","protected":false},"author":1,"featured_media":0,"parent":0,"menu_order":0,"comment_status":"closed","ping_status":"closed","template":"","meta":{"footnotes":""},"class_list":["post-8","page","type-page","status-publish","hentry"],"_links":{"self":[{"href":"https:\/\/paul-fischer-galabau.de\/page2025\/wp-json\/wp\/v2\/pages\/8","targetHints":{"allow":["GET"]}}],"collection":[{"href":"https:\/\/paul-fischer-galabau.de\/page2025\/wp-json\/wp\/v2\/pages"}],"about":[{"href":"https:\/\/paul-fischer-galabau.de\/page2025\/wp-json\/wp\/v2\/types\/page"}],"author":[{"embeddable":true,"href":"https:\/\/paul-fischer-galabau.de\/page2025\/wp-json\/wp\/v2\/users\/1"}],"replies":[{"embeddable":true,"href":"https:\/\/paul-fischer-galabau.de\/page2025\/wp-json\/wp\/v2\/comments?post=8"}],"version-history":[{"count":52,"href":"https:\/\/paul-fischer-galabau.de\/page2025\/wp-json\/wp\/v2\/pages\/8\/revisions"}],"predecessor-version":[{"id":280,"href":"https:\/\/paul-fischer-galabau.de\/page2025\/wp-json\/wp\/v2\/pages\/8\/revisions\/280"}],"wp:attachment":[{"href":"https:\/\/paul-fischer-galabau.de\/page2025\/wp-json\/wp\/v2\/media?parent=8"}],"curies":[{"name":"wp","href":"https:\/\/api.w.org\/{rel}","templated":true}]}}